{"id":153,"date":"2021-03-29T01:17:20","date_gmt":"2021-03-28T23:17:20","guid":{"rendered":"https:\/\/buehnelandshutcom.wordpress.com\/?page_id=153"},"modified":"2021-03-29T01:17:20","modified_gmt":"2021-03-28T23:17:20","slug":"theater","status":"publish","type":"page","link":"https:\/\/b\u00fchne-landshut.de\/?page_id=153","title":{"rendered":"Mitgliedstheater"},"content":{"rendered":"\n<div class=\"wp-block-media-text alignwide is-stacked-on-mobile\" style=\"grid-template-columns:34% auto\"><figure class=\"wp-block-media-text__media\"><img loading=\"lazy\" decoding=\"async\" width=\"1920\" height=\"994\" src=\"https:\/\/b\u00fchne-landshut.de\/wordpress\/wp-content\/uploads\/2021\/04\/hofberg.jpg?w=750\" alt=\"\" class=\"wp-image-502 size-full\" srcset=\"https:\/\/b\u00fchne-landshut.de\/wp-content\/uploads\/2021\/04\/hofberg.jpg 1920w, https:\/\/b\u00fchne-landshut.de\/wp-content\/uploads\/2021\/04\/hofberg-300x155.jpg 300w, https:\/\/b\u00fchne-landshut.de\/wp-content\/uploads\/2021\/04\/hofberg-1024x530.jpg 1024w, https:\/\/b\u00fchne-landshut.de\/wp-content\/uploads\/2021\/04\/hofberg-768x398.jpg 768w, https:\/\/b\u00fchne-landshut.de\/wp-content\/uploads\/2021\/04\/hofberg-1536x795.jpg 1536w\" sizes=\"auto, (max-width: 1920px) 100vw, 1920px\" \/><\/figure><div class=\"wp-block-media-text__content\">\n<h4 class=\"wp-block-heading\"><span style=\"background-color:rgba(0, 0, 0, 0);color:#174857\" class=\"has-inline-color\">Theater Landshut Berg (ehem. Hofberg-Theater)<\/span><\/h4>\n\n\n\n<p>Das Theater Landshut Berg wurde 1950 unter dem Namen Hofberg-Theater gegr\u00fcndet und z\u00e4hlt zu den \u00e4ltesten niederbayerischen Laienspielgruppen. Wir bieten unserem Publikum insbesondere lustiges oder dramatisches Volkstheater, spielen in Mundart und zeigen lang vergessene Br\u00e4uche. <a href=\"https:\/\/www.theater-landshut-berg.de\/?fbclid=IwAR09DyztjJMOtzy5HTITGuhVfNZPD5F4DMR6cy61me9v1XyhwEPhljgWlXM\" target=\"_blank\" rel=\"noreferrer noopener\">Link<\/a><\/p>\n<\/div><\/div>\n\n\n\n<div class=\"wp-block-media-text alignwide has-media-on-the-right is-stacked-on-mobile\" style=\"grid-template-columns:auto 34%\"><div class=\"wp-block-media-text__content\">\n<h4 class=\"wp-block-heading\"><span style=\"background-color:rgba(0, 0, 0, 0);color:#174857\" class=\"has-inline-color\">MuT &#8211; Musik und Tun e.V.<\/span><\/h4>\n\n\n\n<p>Im Jahr 2010 gr\u00fcndeten musicalbegeisterte Menschen den Verein, der bekannt wurde durch seine Musical-Show-Gruppe Go-Musica. Die kreative Arbeit mit und f\u00fcr unsere Mitglieder, deren individuelle F\u00f6rderung und Weiterentwicklung ist unser Anspruch und Ziel. <a href=\"http:\/\/www.go-musica.de\/v2\/verein.html\" target=\"_blank\" rel=\"noreferrer noopener\">Link<\/a> <\/p>\n<\/div><figure class=\"wp-block-media-text__media\"><img decoding=\"async\" src=\"https:\/\/b\u00fchne-landshut.de\/wordpress\/wp-content\/uploads\/2021\/03\/20191122-221815-zellenblocktango-7r303445-682.jpg?w=750\" alt=\"\" class=\"wp-image-99 size-full\" \/><\/figure><\/div>\n\n\n\n<div class=\"wp-block-media-text alignwide is-stacked-on-mobile\" style=\"grid-template-columns:34% auto\"><figure class=\"wp-block-media-text__media\"><img loading=\"lazy\" decoding=\"async\" width=\"733\" height=\"492\" src=\"https:\/\/b\u00fchne-landshut.de\/wordpress\/wp-content\/uploads\/2021\/03\/konrad.jpg?w=733\" alt=\"\" class=\"wp-image-97 size-full\" srcset=\"https:\/\/b\u00fchne-landshut.de\/wp-content\/uploads\/2021\/03\/konrad.jpg 733w, https:\/\/b\u00fchne-landshut.de\/wp-content\/uploads\/2021\/03\/konrad-300x201.jpg 300w\" sizes=\"auto, (max-width: 733px) 100vw, 733px\" \/><\/figure><div class=\"wp-block-media-text__content\">\n<h4 class=\"wp-block-heading\"><span style=\"background-color:rgba(0, 0, 0, 0);color:#174857\" class=\"has-inline-color\">Theater Konrad<\/span><\/h4>\n\n\n\n<p>Seit 1967 bieten wir unserem Publikum eine abwechslungsreiche Auswahl von Autoren und St\u00fccken. Die aufw\u00e4ndige Gestaltung von B\u00fchnenbild und Kost\u00fcmen&nbsp; sowie die kreative Einbeziehung des jeweiligen Ambientes der Auff\u00fchrungsorte sind eines unserer Markenzeichen. <a href=\"http:\/\/www.theaterkonrad.de\" target=\"_blank\" rel=\"noreferrer noopener\">Link<\/a><\/p>\n<\/div><\/div>\n\n\n\n<div class=\"wp-block-media-text alignwide has-media-on-the-right is-stacked-on-mobile\" style=\"grid-template-columns:auto 34%\"><div class=\"wp-block-media-text__content\">\n<h4 class=\"wp-block-heading\"><span style=\"background-color:rgba(0, 0, 0, 0);color:#174857\" class=\"has-inline-color\">Theater Nikola Landshut<\/span><\/h4>\n\n\n\n<p>Seit 1975 sorgen sehr unterschiedliche Regisseure f\u00fcr ein abwechslungsreiches Theatervergn\u00fcgen vom Schenkelklopfer bis zum betroffen machenden zeitgen\u00f6ssischen St\u00fcck. Mit der Produktion &#8216;Das Boot&#8217; machten wir 2020 bundesweit auf uns aufmerksam. <a href=\"http:\/\/www.theater-nikola.de\" target=\"_blank\" rel=\"noreferrer noopener\">Link<\/a><\/p>\n<\/div><figure class=\"wp-block-media-text__media\"><img loading=\"lazy\" decoding=\"async\" width=\"800\" height=\"478\" src=\"https:\/\/b\u00fchne-landshut.de\/wordpress\/wp-content\/uploads\/2021\/03\/nikola.jpg?w=750\" alt=\"\" class=\"wp-image-98 size-full\" srcset=\"https:\/\/b\u00fchne-landshut.de\/wp-content\/uploads\/2021\/03\/nikola.jpg 800w, https:\/\/b\u00fchne-landshut.de\/wp-content\/uploads\/2021\/03\/nikola-300x179.jpg 300w, https:\/\/b\u00fchne-landshut.de\/wp-content\/uploads\/2021\/03\/nikola-768x459.jpg 768w\" sizes=\"auto, (max-width: 800px) 100vw, 800px\" \/><\/figure><\/div>\n\n\n\n<p><\/p>\n","protected":false},"excerpt":{"rendered":"<p>Theater Landshut Berg (ehem. Hofberg-Theater) Das Theater Landshut Berg wurde 1950 unter dem Namen Hofberg-Theater gegr\u00fcndet und z\u00e4hlt zu den \u00e4ltesten niederbayerischen Laienspielgruppen. Wir bieten unserem Publikum insbesondere lustiges oder dramatisches Volkstheater, spielen in Mundart und zeigen lang vergessene Br\u00e4uche. Link MuT &#8211; Musik und Tun e.V. Im Jahr 2010 gr\u00fcndeten musicalbegeisterte Menschen den Verein,<a class=\"more-link\" href=\"https:\/\/b\u00fchne-landshut.de\/?page_id=153\">Continue reading <span class=\"screen-reader-text\">&#8220;Mitgliedstheater&#8221;<\/span><\/a><\/p>\n","protected":false},"author":2,"featured_media":0,"parent":0,"menu_order":0,"comment_status":"closed","ping_status":"closed","template":"","meta":{"footnotes":""},"class_list":["post-153","page","type-page","status-publish","hentry","entry"],"_links":{"self":[{"href":"https:\/\/b\u00fchne-landshut.de\/index.php?rest_route=\/wp\/v2\/pages\/153","targetHints":{"allow":["GET"]}}],"collection":[{"href":"https:\/\/b\u00fchne-landshut.de\/index.php?rest_route=\/wp\/v2\/pages"}],"about":[{"href":"https:\/\/b\u00fchne-landshut.de\/index.php?rest_route=\/wp\/v2\/types\/page"}],"author":[{"embeddable":true,"href":"https:\/\/b\u00fchne-landshut.de\/index.php?rest_route=\/wp\/v2\/users\/2"}],"replies":[{"embeddable":true,"href":"https:\/\/b\u00fchne-landshut.de\/index.php?rest_route=%2Fwp%2Fv2%2Fcomments&post=153"}],"version-history":[{"count":0,"href":"https:\/\/b\u00fchne-landshut.de\/index.php?rest_route=\/wp\/v2\/pages\/153\/revisions"}],"wp:attachment":[{"href":"https:\/\/b\u00fchne-landshut.de\/index.php?rest_route=%2Fwp%2Fv2%2Fmedia&parent=153"}],"curies":[{"name":"wp","href":"https:\/\/api.w.org\/{rel}","templated":true}]}}